{"id":3435,"date":"2025-05-06T18:27:10","date_gmt":"2025-05-06T18:27:10","guid":{"rendered":"https:\/\/impsaweb.com\/?page_id=3435"},"modified":"2025-05-07T20:51:04","modified_gmt":"2025-05-07T20:51:04","slug":"catolica","status":"publish","type":"page","link":"https:\/\/impsaweb.com\/index.php\/catolica\/","title":{"rendered":"Catolica"},"content":{"rendered":"\t\t<div data-elementor-type=\"wp-page\" data-elementor-id=\"3435\" class=\"elementor elementor-3435\" data-elementor-post-type=\"page\">\n\t\t\t\t\t\t<section class=\"elementor-section elementor-top-section elementor-element elementor-element-571bf63 elementor-section-boxed elementor-section-height-default elementor-section-height-default\" data-id=\"571bf63\" data-element_type=\"section\" data-settings=\"{&quot;background_background&quot;:&quot;classic&quot;,&quot;mdp_selection_sticky_effect_enable&quot;:false}\">\n\t\t\t\t\t\t\t<div class=\"elementor-background-overlay\"><\/div>\n\t\t\t\t\t\t\t<div class=\"elementor-container elementor-column-gap-default\">\n\t\t\t\t\t<div class=\"elementor-column elementor-col-100 elementor-top-column elementor-element elementor-element-d482739\" data-id=\"d482739\" data-element_type=\"column\" data-settings=\"{&quot;mdp_selection_sticky_column_effect_enable&quot;:false}\">\n\t\t\t<div class=\"elementor-widget-wrap elementor-element-populated\">\n\t\t\t\t\t\t<div class=\"elementor-element elementor-element-0ed4c66 elementor-widget elementor-widget-heading\" data-id=\"0ed4c66\" data-element_type=\"widget\" data-widget_type=\"heading.default\">\n\t\t\t\t<div class=\"elementor-widget-container\">\n\t\t\t\t\t<h2 class=\"elementor-heading-title elementor-size-default\">Nuestra Boda<\/h2>\t\t\t\t<\/div>\n\t\t\t\t<\/div>\n\t\t\t\t<div class=\"elementor-element elementor-element-bc6463a elementor-absolute elementor-widget elementor-widget-heading\" data-id=\"bc6463a\" data-element_type=\"widget\" data-settings=\"{&quot;_position&quot;:&quot;absolute&quot;}\" data-widget_type=\"heading.default\">\n\t\t\t\t<div class=\"elementor-widget-container\">\n\t\t\t\t\t<h2 class=\"elementor-heading-title elementor-size-default\">&amp;<\/h2>\t\t\t\t<\/div>\n\t\t\t\t<\/div>\n\t\t\t\t<div class=\"elementor-element elementor-element-7757964 elementor-widget elementor-widget-heading\" data-id=\"7757964\" data-element_type=\"widget\" data-widget_type=\"heading.default\">\n\t\t\t\t<div class=\"elementor-widget-container\">\n\t\t\t\t\t<h2 class=\"elementor-heading-title elementor-size-default\">Ra\u00fal\nJanette<\/h2>\t\t\t\t<\/div>\n\t\t\t\t<\/div>\n\t\t\t\t<div class=\"elementor-element elementor-element-fcf0df8 elementor-widget elementor-widget-image\" data-id=\"fcf0df8\" data-element_type=\"widget\" data-widget_type=\"image.default\">\n\t\t\t\t<div class=\"elementor-widget-container\">\n\t\t\t\t\t\t\t\t\t\t\t\t\t\t\t<img fetchpriority=\"high\" decoding=\"async\" width=\"450\" height=\"900\" src=\"https:\/\/impsaweb.com\/wp-content\/uploads\/2025\/05\/1.jpg\" class=\"attachment-large size-large wp-image-3442\" alt=\"\" srcset=\"https:\/\/impsaweb.com\/wp-content\/uploads\/2025\/05\/1.jpg 450w, https:\/\/impsaweb.com\/wp-content\/uploads\/2025\/05\/1-150x300.jpg 150w\" sizes=\"(max-width: 450px) 100vw, 450px\" \/>\t\t\t\t\t\t\t\t\t\t\t\t\t\t\t<\/div>\n\t\t\t\t<\/div>\n\t\t\t\t\t<\/div>\n\t\t<\/div>\n\t\t\t\t\t<\/div>\n\t\t<\/section>\n\t\t\t\t<section class=\"elementor-section elementor-top-section elementor-element elementor-element-611a4b0 elementor-section-boxed elementor-section-height-default elementor-section-height-default\" data-id=\"611a4b0\" data-element_type=\"section\" data-settings=\"{&quot;background_background&quot;:&quot;classic&quot;,&quot;mdp_selection_sticky_effect_enable&quot;:false}\">\n\t\t\t\t\t\t<div class=\"elementor-container elementor-column-gap-default\">\n\t\t\t\t\t<div class=\"elementor-column elementor-col-100 elementor-top-column elementor-element elementor-element-0962b21\" data-id=\"0962b21\" data-element_type=\"column\" data-settings=\"{&quot;mdp_selection_sticky_column_effect_enable&quot;:false}\">\n\t\t\t<div class=\"elementor-widget-wrap elementor-element-populated\">\n\t\t\t\t\t\t<div class=\"elementor-element elementor-element-3014f37 elementor-countdown--label-block elementor-widget elementor-widget-countdown\" data-id=\"3014f37\" data-element_type=\"widget\" data-widget_type=\"countdown.default\">\n\t\t\t\t<div class=\"elementor-widget-container\">\n\t\t\t\t\t\t\t<div class=\"elementor-countdown-wrapper\" data-date=\"1759508160\">\n\t\t\t<div class=\"elementor-countdown-item\"><span class=\"elementor-countdown-digits elementor-countdown-days\"><\/span> <span class=\"elementor-countdown-label\">Days<\/span><\/div><div class=\"elementor-countdown-item\"><span class=\"elementor-countdown-digits elementor-countdown-hours\"><\/span> <span class=\"elementor-countdown-label\">Hours<\/span><\/div><div class=\"elementor-countdown-item\"><span class=\"elementor-countdown-digits elementor-countdown-minutes\"><\/span> <span class=\"elementor-countdown-label\">Minutes<\/span><\/div><div class=\"elementor-countdown-item\"><span class=\"elementor-countdown-digits elementor-countdown-seconds\"><\/span> <span class=\"elementor-countdown-label\">Seconds<\/span><\/div>\t\t<\/div>\n\t\t\t\t\t\t<\/div>\n\t\t\t\t<\/div>\n\t\t\t\t\t<\/div>\n\t\t<\/div>\n\t\t\t\t\t<\/div>\n\t\t<\/section>\n\t\t\t\t<section class=\"elementor-section elementor-top-section elementor-element elementor-element-b6ff480 elementor-section-boxed elementor-section-height-default elementor-section-height-default\" data-id=\"b6ff480\" data-element_type=\"section\" data-settings=\"{&quot;background_background&quot;:&quot;classic&quot;,&quot;mdp_selection_sticky_effect_enable&quot;:false}\">\n\t\t\t\t\t\t<div class=\"elementor-container elementor-column-gap-default\">\n\t\t\t\t\t<div class=\"elementor-column elementor-col-100 elementor-top-column elementor-element elementor-element-6bc1913\" data-id=\"6bc1913\" data-element_type=\"column\" data-settings=\"{&quot;background_background&quot;:&quot;classic&quot;,&quot;mdp_selection_sticky_column_effect_enable&quot;:false}\">\n\t\t\t<div class=\"elementor-widget-wrap elementor-element-populated\">\n\t\t\t\t\t\t<div class=\"elementor-element elementor-element-1efcc28 elementor-widget elementor-widget-image\" data-id=\"1efcc28\" data-element_type=\"widget\" data-widget_type=\"image.default\">\n\t\t\t\t<div class=\"elementor-widget-container\">\n\t\t\t\t\t\t\t\t\t\t\t\t\t\t\t<img decoding=\"async\" width=\"450\" height=\"450\" src=\"https:\/\/impsaweb.com\/wp-content\/uploads\/2025\/05\/2.png\" class=\"attachment-large size-large wp-image-3474\" alt=\"\" srcset=\"https:\/\/impsaweb.com\/wp-content\/uploads\/2025\/05\/2.png 450w, https:\/\/impsaweb.com\/wp-content\/uploads\/2025\/05\/2-300x300.png 300w, https:\/\/impsaweb.com\/wp-content\/uploads\/2025\/05\/2-150x150.png 150w, https:\/\/impsaweb.com\/wp-content\/uploads\/2025\/05\/2-100x100.png 100w\" sizes=\"(max-width: 450px) 100vw, 450px\" \/>\t\t\t\t\t\t\t\t\t\t\t\t\t\t\t<\/div>\n\t\t\t\t<\/div>\n\t\t\t\t\t<\/div>\n\t\t<\/div>\n\t\t\t\t\t<\/div>\n\t\t<\/section>\n\t\t\t\t<section class=\"elementor-section elementor-top-section elementor-element elementor-element-b9ab146 elementor-section-boxed elementor-section-height-default elementor-section-height-default\" data-id=\"b9ab146\" data-element_type=\"section\" data-settings=\"{&quot;mdp_selection_sticky_effect_enable&quot;:false}\">\n\t\t\t\t\t\t<div class=\"elementor-container elementor-column-gap-default\">\n\t\t\t\t\t<div class=\"elementor-column elementor-col-100 elementor-top-column elementor-element elementor-element-f6b1a5c\" data-id=\"f6b1a5c\" data-element_type=\"column\" data-settings=\"{&quot;mdp_selection_sticky_column_effect_enable&quot;:false}\">\n\t\t\t<div class=\"elementor-widget-wrap elementor-element-populated\">\n\t\t\t\t\t\t<div class=\"elementor-element elementor-element-aa73bd4 elementor-widget elementor-widget-heading\" data-id=\"aa73bd4\" data-element_type=\"widget\" data-widget_type=\"heading.default\">\n\t\t\t\t<div class=\"elementor-widget-container\">\n\t\t\t\t\t<h2 class=\"elementor-heading-title elementor-size-default\">D\u00f3nde &amp; Cuando<\/h2>\t\t\t\t<\/div>\n\t\t\t\t<\/div>\n\t\t\t\t<div class=\"elementor-element elementor-element-ac24699 elementor-widget elementor-widget-google_maps\" data-id=\"ac24699\" data-element_type=\"widget\" data-widget_type=\"google_maps.default\">\n\t\t\t\t<div class=\"elementor-widget-container\">\n\t\t\t\t\t\t\t<div class=\"elementor-custom-embed\">\n\t\t\t<iframe loading=\"lazy\"\n\t\t\t\t\tsrc=\"https:\/\/maps.google.com\/maps?q=Templo%20San%20Agustin%20Salamanca%2C%20Guanajuato&#038;t=m&#038;z=15&#038;output=embed&#038;iwloc=near\"\n\t\t\t\t\ttitle=\"Templo San Agustin Salamanca, Guanajuato\"\n\t\t\t\t\taria-label=\"Templo San Agustin Salamanca, Guanajuato\"\n\t\t\t><\/iframe>\n\t\t<\/div>\n\t\t\t\t\t\t<\/div>\n\t\t\t\t<\/div>\n\t\t\t\t<div class=\"elementor-element elementor-element-9db00f8 elementor-cta--skin-classic elementor-animated-content elementor-bg-transform elementor-bg-transform-zoom-in elementor-widget elementor-widget-call-to-action\" data-id=\"9db00f8\" data-element_type=\"widget\" data-widget_type=\"call-to-action.default\">\n\t\t\t\t<div class=\"elementor-widget-container\">\n\t\t\t\t\t\t\t<div class=\"elementor-cta\">\n\t\t\t\t\t<div class=\"elementor-cta__bg-wrapper\">\n\t\t\t\t<div class=\"elementor-cta__bg elementor-bg\" style=\"background-image: url(https:\/\/impsaweb.com\/wp-content\/uploads\/2025\/05\/3.jpg);\" role=\"img\" aria-label=\"3\"><\/div>\n\t\t\t\t<div class=\"elementor-cta__bg-overlay\"><\/div>\n\t\t\t<\/div>\n\t\t\t\t\t\t\t<div class=\"elementor-cta__content\">\n\t\t\t\t\n\t\t\t\t\t\t\t\t\t<h2 class=\"elementor-cta__title elementor-cta__content-item elementor-content-item\">\n\t\t\t\t\t\tTemplo de San Agustin\t\t\t\t\t<\/h2>\n\t\t\t\t\n\t\t\t\t\t\t\t\t\t<div class=\"elementor-cta__description elementor-cta__content-item elementor-content-item\">\n\t\t\t\t\t\t<div class=\"wed-text\" style=\"overflow-wrap: break-word; padding-bottom: 10px; color: rgb(16, 16, 16); font-family: Raleway; letter-spacing: 0.2px; text-align: start; white-space-collapse: collapse;\"><b>Cu\u00e1ndo:&nbsp;<\/b>28 de junio de 2025 18:00 hrs.<\/div><b style=\"color: rgb(16, 16, 16); font-family: Raleway; letter-spacing: 0.2px; text-align: start; white-space-collapse: collapse; font-size: 1rem;\">Direcci\u00f3n:<\/b><span style=\"color: rgb(16, 16, 16); font-family: Raleway; letter-spacing: 0.2px; text-align: start; white-space-collapse: collapse; font-size: 1rem;\">&nbsp;<\/span><span style=\"color: rgb(16, 16, 16); font-family: Raleway; letter-spacing: 0.2px; text-align: start; white-space-collapse: collapse; font-size: 1rem;\">Fray Juan de Zum\u00e1rraga No. 2, Villa Gustavo A. Madero, Gustavo A. Madero, 07050 Ciudad de M\u00e9xico, CDMX, M\u00e9xico<\/span>\t\t\t\t\t<\/div>\n\t\t\t\t\n\t\t\t\t\t\t\t\t\t<div class=\"elementor-cta__button-wrapper elementor-cta__content-item elementor-content-item \">\n\t\t\t\t\t<a class=\"elementor-cta__button elementor-button elementor-size-\">\n\t\t\t\t\t\tVer Mapa\t\t\t\t\t<\/a>\n\t\t\t\t\t<\/div>\n\t\t\t\t\t\t\t<\/div>\n\t\t\t\t\t\t<\/div>\n\t\t\t\t\t\t<\/div>\n\t\t\t\t<\/div>\n\t\t\t\t<div class=\"elementor-element elementor-element-76df3b3 elementor-cta--skin-classic elementor-animated-content elementor-bg-transform elementor-bg-transform-zoom-in elementor-widget elementor-widget-call-to-action\" data-id=\"76df3b3\" data-element_type=\"widget\" data-widget_type=\"call-to-action.default\">\n\t\t\t\t<div class=\"elementor-widget-container\">\n\t\t\t\t\t\t\t<div class=\"elementor-cta\">\n\t\t\t\t\t<div class=\"elementor-cta__bg-wrapper\">\n\t\t\t\t<div class=\"elementor-cta__bg elementor-bg\" style=\"background-image: url(https:\/\/impsaweb.com\/wp-content\/uploads\/2025\/05\/4.jpeg);\" role=\"img\" aria-label=\"4\"><\/div>\n\t\t\t\t<div class=\"elementor-cta__bg-overlay\"><\/div>\n\t\t\t<\/div>\n\t\t\t\t\t\t\t<div class=\"elementor-cta__content\">\n\t\t\t\t\n\t\t\t\t\t\t\t\t\t<h2 class=\"elementor-cta__title elementor-cta__content-item elementor-content-item\">\n\t\t\t\t\t\t<span style=\"color: rgb(16, 16, 16); font-family: Raleway; font-size: 16px; font-weight: 700; letter-spacing: 0.2px; white-space-collapse: collapse;\">Sal\u00f3n La Cima<\/span>\t\t\t\t\t<\/h2>\n\t\t\t\t\n\t\t\t\t\t\t\t\t\t<div class=\"elementor-cta__description elementor-cta__content-item elementor-content-item\">\n\t\t\t\t\t\t<h3 style=\"margin-top: 20px; margin-bottom: 10px; font-weight: 700; line-height: 1.1; font-size: 16px; font-family: Raleway; color: rgb(16, 16, 16); overflow-wrap: break-word; padding-bottom: 10px; letter-spacing: 0.2px; text-align: start; white-space-collapse: collapse;\"><div align=\"center\"><b style=\"letter-spacing: 0.2px; text-align: start; font-size: 1rem;\">Cu\u00e1ndo:&nbsp;<\/b><span style=\"letter-spacing: 0.2px; text-align: start; font-size: 1rem; font-weight: 400;\">28 de junio de 2025 20:00 hrs.<\/span><\/div><\/h3><b style=\"color: rgb(16, 16, 16); font-family: Raleway; letter-spacing: 0.2px; text-align: start; white-space-collapse: collapse; font-size: 1rem;\">Direcci\u00f3n:<\/b><span style=\"color: rgb(16, 16, 16); font-family: Raleway; letter-spacing: 0.2px; text-align: start; white-space-collapse: collapse; font-size: 1rem;\">&nbsp;<\/span><span style=\"color: rgb(16, 16, 16); font-family: Raleway; letter-spacing: 0.2px; text-align: start; white-space-collapse: collapse; font-size: 1rem;\">Calle Allende. #700<\/span><br>Zona Centro<br>Salamanca, Guanajuato.\t\t\t\t\t<\/div>\n\t\t\t\t\n\t\t\t\t\t\t\t\t\t<div class=\"elementor-cta__button-wrapper elementor-cta__content-item elementor-content-item \">\n\t\t\t\t\t<a class=\"elementor-cta__button elementor-button elementor-size-\">\n\t\t\t\t\t\tVer Mapa\t\t\t\t\t<\/a>\n\t\t\t\t\t<\/div>\n\t\t\t\t\t\t\t<\/div>\n\t\t\t\t\t\t<\/div>\n\t\t\t\t\t\t<\/div>\n\t\t\t\t<\/div>\n\t\t\t\t\t<\/div>\n\t\t<\/div>\n\t\t\t\t\t<\/div>\n\t\t<\/section>\n\t\t\t\t<section class=\"elementor-section elementor-top-section elementor-element elementor-element-ea4325f elementor-section-boxed elementor-section-height-default elementor-section-height-default\" data-id=\"ea4325f\" data-element_type=\"section\" data-settings=\"{&quot;mdp_selection_sticky_effect_enable&quot;:false}\">\n\t\t\t\t\t\t<div class=\"elementor-container elementor-column-gap-default\">\n\t\t\t\t\t<div class=\"elementor-column elementor-col-100 elementor-top-column elementor-element elementor-element-965c201\" data-id=\"965c201\" data-element_type=\"column\" data-settings=\"{&quot;mdp_selection_sticky_column_effect_enable&quot;:false}\">\n\t\t\t<div class=\"elementor-widget-wrap elementor-element-populated\">\n\t\t\t\t\t\t<div class=\"elementor-element elementor-element-cac9d78 elementor-widget elementor-widget-heading\" data-id=\"cac9d78\" data-element_type=\"widget\" data-widget_type=\"heading.default\">\n\t\t\t\t<div class=\"elementor-widget-container\">\n\t\t\t\t\t<h2 class=\"elementor-heading-title elementor-size-default\">CODIGO DE VESTIMENTA<\/h2>\t\t\t\t<\/div>\n\t\t\t\t<\/div>\n\t\t\t\t\t<\/div>\n\t\t<\/div>\n\t\t\t\t\t<\/div>\n\t\t<\/section>\n\t\t\t\t<section class=\"elementor-section elementor-top-section elementor-element elementor-element-1a74b3f elementor-section-boxed elementor-section-height-default elementor-section-height-default\" data-id=\"1a74b3f\" data-element_type=\"section\" data-settings=\"{&quot;mdp_selection_sticky_effect_enable&quot;:false}\">\n\t\t\t\t\t\t<div class=\"elementor-container elementor-column-gap-default\">\n\t\t\t\t\t<div class=\"elementor-column elementor-col-100 elementor-top-column elementor-element elementor-element-3b6597c\" data-id=\"3b6597c\" data-element_type=\"column\" data-settings=\"{&quot;mdp_selection_sticky_column_effect_enable&quot;:false}\">\n\t\t\t<div class=\"elementor-widget-wrap elementor-element-populated\">\n\t\t\t\t\t\t<div class=\"elementor-element elementor-element-2b64f1d elementor-widget elementor-widget-image\" data-id=\"2b64f1d\" data-element_type=\"widget\" data-widget_type=\"image.default\">\n\t\t\t\t<div class=\"elementor-widget-container\">\n\t\t\t\t\t\t\t\t\t\t\t\t\t\t\t<img decoding=\"async\" width=\"327\" height=\"756\" src=\"https:\/\/impsaweb.com\/wp-content\/uploads\/2025\/05\/5.png\" class=\"attachment-large size-large wp-image-3496\" alt=\"\" srcset=\"https:\/\/impsaweb.com\/wp-content\/uploads\/2025\/05\/5.png 327w, https:\/\/impsaweb.com\/wp-content\/uploads\/2025\/05\/5-130x300.png 130w\" sizes=\"(max-width: 327px) 100vw, 327px\" \/>\t\t\t\t\t\t\t\t\t\t\t\t\t\t\t<\/div>\n\t\t\t\t<\/div>\n\t\t\t\t\t<\/div>\n\t\t<\/div>\n\t\t\t\t\t<\/div>\n\t\t<\/section>\n\t\t\t\t<\/div>\n\t\t","protected":false},"excerpt":{"rendered":"<p>Nuestra Boda &amp; Ra\u00fal Janette Days Hours Minutes Seconds D\u00f3nde &amp; Cuando Templo de San Agustin Cu\u00e1ndo:&nbsp;28 de junio de 2025 18:00 hrs.Direcci\u00f3n:&nbsp;Fray Juan de Zum\u00e1rraga No. 2, Villa Gustavo A. Madero, Gustavo A. Madero, 07050 Ciudad de M\u00e9xico, CDMX, M\u00e9xico Ver Mapa Sal\u00f3n La Cima Cu\u00e1ndo:&nbsp;28 de junio de 2025 20:00 hrs. Direcci\u00f3n:&nbsp;Calle Allende&#8230;.<\/p>\n","protected":false},"author":1,"featured_media":0,"parent":0,"menu_order":0,"comment_status":"closed","ping_status":"closed","template":"","meta":{"footnotes":""},"class_list":["post-3435","page","type-page","status-publish","hentry"],"_links":{"self":[{"href":"https:\/\/impsaweb.com\/index.php\/wp-json\/wp\/v2\/pages\/3435","targetHints":{"allow":["GET"]}}],"collection":[{"href":"https:\/\/impsaweb.com\/index.php\/wp-json\/wp\/v2\/pages"}],"about":[{"href":"https:\/\/impsaweb.com\/index.php\/wp-json\/wp\/v2\/types\/page"}],"author":[{"embeddable":true,"href":"https:\/\/impsaweb.com\/index.php\/wp-json\/wp\/v2\/users\/1"}],"replies":[{"embeddable":true,"href":"https:\/\/impsaweb.com\/index.php\/wp-json\/wp\/v2\/comments?post=3435"}],"version-history":[{"count":46,"href":"https:\/\/impsaweb.com\/index.php\/wp-json\/wp\/v2\/pages\/3435\/revisions"}],"predecessor-version":[{"id":3499,"href":"https:\/\/impsaweb.com\/index.php\/wp-json\/wp\/v2\/pages\/3435\/revisions\/3499"}],"wp:attachment":[{"href":"https:\/\/impsaweb.com\/index.php\/wp-json\/wp\/v2\/media?parent=3435"}],"curies":[{"name":"wp","href":"https:\/\/api.w.org\/{rel}","templated":true}]}}